{"id":535,"date":"2020-07-06T14:36:21","date_gmt":"2020-07-06T13:36:21","guid":{"rendered":"https:\/\/paola.gallery\/?page_id=535"},"modified":"2022-11-28T11:03:40","modified_gmt":"2022-11-28T09:03:40","slug":"video","status":"publish","type":"page","link":"https:\/\/paola.gallery\/it\/video\/","title":{"rendered":"Video"},"content":{"rendered":"<p class=\"has-text-align-center\"><span style=\"text-decoration: underline;\">Intervista sull'improv<\/span><\/p>\n\n\n\n<figure class=\"wp-block-embed is-type-video is-provider-youtube wp-block-embed-youtube wp-embed-aspect-16-9 wp-has-aspect-ratio\"><div class=\"wp-block-embed__wrapper\">\n<div class=\"video-wrapper\"><iframe loading=\"lazy\" title=\"Live con Paola Machetta del 26 novembre 2022\" width=\"840\" height=\"473\" src=\"https:\/\/www.youtube.com\/embed\/srwK0EpDwzA?feature=oembed\" frameborder=\"0\" allow=\"accelerometer; autoplay; clipboard-write; encrypted-media; gyroscope; picture-in-picture\" allowfullscreen><\/iframe><\/div>\n<\/div><\/figure>\n\n\n\n<p>In questo video, Francesca di <a href=\"http:\/\/patchworkvictim.it\/\">Patchworkvictim<\/a> dialoga con me, insieme alle partecipanti in sala e collegate on-line, su molti temi legati all'improv.<\/p>\n\n\n\n<p>Come ho iniziato a cucire patcwhork?<br>Come si \u00e8 evoluto il mio lavoro?<br>Come \u00e8 nato <a href=\"https:\/\/quiltimprov.art\/it\/\">Quilt Improv Studio<\/a>? <br>Ho mai usato pattern, colla, paper piecing?<br>Perch\u00e8 condividere le storie dei quilt?<br>Come tengo nota dei colori delle stoffe che ho raccolto?<br>A chi mi ha chiesto di poter vedere come vengono cuciti questi lavori, segnalo i video nella parte successiva di questa pagina intitolata \"voglia di improv\": troverete la macchina da cucire in azione!<\/p>\n\n\n\n<p><\/p>\n\n\n\n<p class=\"has-text-align-center\"><span style=\"text-decoration: underline;\">Mini serie di video: \"Le vite segrete dei quilt\"<\/span><\/p>\n\n\n\n<p>In questa sezione sono raccolti i link ai brevi video girati con Francesca di <a href=\"http:\/\/patchworkvictim.it\/\">Patchworkvictim<\/a> , dedicati ai poteri nascosti dei quilt.<\/p>\n\n\n\n<p>Sessione 1: <a href=\"https:\/\/paola.gallery\/it\/2022\/08\/08\/the-secret-lives-of-quilts\/\">Una stoffa per amico<\/a><br>Sessione 2: <a href=\"https:\/\/paola.gallery\/it\/2022\/08\/24\/goldfinger-quilt-spy-story\/\">Il quilt che non fa una piega<\/a><br>Sessione 3: <a href=\"https:\/\/paola.gallery\/it\/2022\/09\/04\/giraffes-dance\/\">La mia giraffa suona il rock<\/a><br><\/p>\n\n\n\n<p class=\"has-text-align-center\"><span style=\"text-decoration: underline;\">Voglia di improv!<\/span><\/p>\n\n\n\n<p>Questa sezione raccoglie una serie di video sull\u2019improv, creata per incuriosire chi ama il patchwork, e facilitare la sperimentazione e la composizione con questa splendida tecnica. Si tratta delle registrazioni dei miei interventi di apertura delle sessioni interattive zoom (seguite poi da dibattito con le partecipanti, non incluso nel video), organizzate da <a href=\"http:\/\/patchworkvictim.it\/\">Patchworkvictim<\/a>, nel periodo primavera-estate 2020, e condivise nel <a href=\"https:\/\/www.youtube.com\/channel\/UCuuiTY2bG--rN6M2SPAPA6w\/videos\">canale \"you tube\"<\/a>di Patchworkvictim. I video sono qui riuniti con link diretto e riepilogo dei contenuti.<\/p>\n\n\n\n<p>La progressione di incontri parla di improv passo dopo passo, in modo da entrare gradualmente in un mondo fatto di possibilit\u00e0 di espressione aperte e personali. Dopo una introduzione basata su facili esempi applicabili a piccoli lavori (cominciando con una esplorazione limitata... al giro attorno a casa), ci si addentra sempre pi\u00f9 nel tema dell\u2019approccio alla composizione. In ogni puntata si mette a fuoco un diverso tipo di forma, e viene spiegato il metodo adottato durante la costruzione di quilt che utilizzano quella stessa forma: pannelli murali, di cui raccontato la storia, che sono stati esposti nella mia mostra personale <a href=\"https:\/\/paola.gallery\/it\/quilt-doppio-trasporto\/\">\"Doppio trasporto\"<\/a>del 2019. Sono inclusi rimandi alle idee pi\u00f9 varie, tratte dal mondo della grafica, della fotografia e della scienza. Perch\u00e8 ogni pezzetto di esperienza di ciascuno di noi pu\u00f2 essere cucito in un quilt di tipo improv!<\/p>\n\n\n\n<p>------------------<\/p>\n\n\n\n<p>1. <strong>Cosa ne penso dell\u2019improv<\/strong><\/p>\n\n\n\n<p><span style=\"text-decoration: underline;\">Definizioni di improv<\/span>; esplorazione; unione di elementi fissati e liberi; decidere il colore e variare le forme; il segno come scrittura; progettare \u00e8 definire i vincoli; a ciascuno il proprio mix; esempi di tassellature a righe e colonne e a log cabin ricurve, a basso e ad alto contrasto; margini di cucitura adattati al colore della stoffa; cenni di nucleazione e accrescimento tratti dalla metallurgia.&nbsp;<\/p>\n\n\n\n<figure class=\"wp-block-embed is-type-video is-provider-youtube wp-block-embed-youtube wp-embed-aspect-16-9 wp-has-aspect-ratio\"><div class=\"wp-block-embed__wrapper\">\n<div class=\"video-wrapper\"><iframe loading=\"lazy\" title=\"Paola Machetta Live 25 4 2020\" width=\"840\" height=\"473\" src=\"https:\/\/www.youtube.com\/embed\/IF-uuZpf0r4?feature=oembed\" frameborder=\"0\" allow=\"accelerometer; autoplay; clipboard-write; encrypted-media; gyroscope; picture-in-picture\" allowfullscreen><\/iframe><\/div>\n<\/div><\/figure>\n\n\n\n<p class=\"has-text-align-center\">ooOOOOoo<\/p>\n\n\n\n<p><strong>2. L\u2019architetto improvvisato \u2013 variazioni sul tema patchwork village<\/strong><\/p>\n\n\n\n<p><span style=\"text-decoration: underline;\">Abbandonare il disegno<\/span>. Cucire senza pattern ma con uno schizzo; abbinare blocchi di taglia fissa e taglia variabile; prendere misure assolute e relative; tagliare a completamento e dopo aver cucito; le sorprese portate dai segni delle stoffe stampate: terminologia tecnica e terminologia affettiva.<\/p>\n\n\n\n<figure class=\"wp-block-embed is-type-video is-provider-youtube wp-block-embed-youtube wp-embed-aspect-16-9 wp-has-aspect-ratio\"><div class=\"wp-block-embed__wrapper\">\n<div class=\"video-wrapper\"><iframe loading=\"lazy\" title=\"L&#039;architetto improvvisato\" width=\"840\" height=\"473\" src=\"https:\/\/www.youtube.com\/embed\/vIZLtbO1H24?feature=oembed\" frameborder=\"0\" allow=\"accelerometer; autoplay; clipboard-write; encrypted-media; gyroscope; picture-in-picture\" allowfullscreen><\/iframe><\/div>\n<\/div><\/figure>\n\n\n\n<p class=\"has-text-align-center\">ooOOOOoo<\/p>\n\n\n\n<p><strong>3. La zebra tascabile \u2013 composizioni grandi e piccole<\/strong><\/p>\n\n\n\n<p><span style=\"text-decoration: underline;\">Abbandonare il righello<\/span>. Il rapporto tra figurativo e astratto; esercizi grafici a poche variabili; calcolo combinatorio applicato a nove coriandoli; l\u2019emergere dei simboli e il senso dei loghi; l\u2019improv applicato a piccole pezze e a composizioni pi\u00f9 grandi; cucire striscie leggermente curve; esempi di mug rug; i colori hanno significati; nucleazione e accrescimento; le infinite forme bellissime dei viventi.<\/p>\n\n\n\n<figure class=\"wp-block-embed is-type-video is-provider-youtube wp-block-embed-youtube wp-embed-aspect-16-9 wp-has-aspect-ratio\"><div class=\"wp-block-embed__wrapper\">\n<div class=\"video-wrapper\"><iframe loading=\"lazy\" title=\"Live con Paola Machetta: La zebra tascabile\" width=\"840\" height=\"473\" src=\"https:\/\/www.youtube.com\/embed\/_zPIGHANozI?feature=oembed\" frameborder=\"0\" allow=\"accelerometer; autoplay; clipboard-write; encrypted-media; gyroscope; picture-in-picture\" allowfullscreen><\/iframe><\/div>\n<\/div><\/figure>\n\n\n\n<p class=\"has-text-align-center\">ooOOOOoo<\/p>\n\n\n\n<p><strong>4. Un diamante \u00e8 per sempre \u2013 specie se \u00e8 un quilt<\/strong><\/p>\n\n\n\n<p><span style=\"text-decoration: underline;\">Cominciare a comporre<\/span>. Simmetrie nel mondo naturale, nei cristalli, nei quilt e nella mente; la simmetria nel blocco e nell\u2019insieme del quilt; come unire blocchi di misure tutte diverse tra loro; composizioni bimodali; rapporto tra la misura del blocco e la misura dell\u2019intero quilt. Presentazione del progetto <a href=\"https:\/\/quiltimprov.art\/it\/\">Quilt Improv Studio<\/a> creato con Giovanna Nicolai e Carla Beretta. Durante il video viene cucita una parte di un quilt destinato al gioco <a href=\"https:\/\/quiltimprov.art\/it\/orange-summer-challenge\/\">Orange Summer Improv<\/a>.<\/p>\n\n\n\n<figure class=\"wp-block-embed is-type-video is-provider-youtube wp-block-embed-youtube wp-embed-aspect-16-9 wp-has-aspect-ratio\"><div class=\"wp-block-embed__wrapper\">\n<div class=\"video-wrapper\"><iframe loading=\"lazy\" title=\"Un diamante \u00e8 per sempre: live con Paola Machetta\" width=\"840\" height=\"473\" src=\"https:\/\/www.youtube.com\/embed\/ZhEu35T0010?feature=oembed\" frameborder=\"0\" allow=\"accelerometer; autoplay; clipboard-write; encrypted-media; gyroscope; picture-in-picture\" allowfullscreen><\/iframe><\/div>\n<\/div><\/figure>\n\n\n\n<p class=\"has-text-align-center\">ooOOOOoo<\/p>\n\n\n\n<p><strong>5.\t\u201cMosaici in piscina! La scontrosa grazia dell'improv\u201d<\/strong><\/p>\n\n\n\n<p><span style=\"text-decoration: underline;\">Un tuffo nell\u2019astratto<\/span>. Il movimento nelle forme naturali. L\u2019improv \u00e8 un poetico ossimoro. Texture e tassellature nel design. Le regole dell\u2019isotropia. I neuroni che riconoscono l'orientamento. Comporre con campi e spazi negativi. Cenni di teoria del caos.<\/p>\n\n\n\n<figure class=\"wp-block-embed is-type-video is-provider-youtube wp-block-embed-youtube wp-embed-aspect-16-9 wp-has-aspect-ratio\"><div class=\"wp-block-embed__wrapper\">\n<div class=\"video-wrapper\"><iframe loading=\"lazy\" title=\"Mosaici in piscina: la scontrosa grazia dell&#039;improv\" width=\"840\" height=\"473\" src=\"https:\/\/www.youtube.com\/embed\/K4oyBa-95gQ?feature=oembed\" frameborder=\"0\" allow=\"accelerometer; autoplay; clipboard-write; encrypted-media; gyroscope; picture-in-picture\" allowfullscreen><\/iframe><\/div>\n<\/div><\/figure>\n\n\n\n<p><\/p>","protected":false},"excerpt":{"rendered":"<p>Interview on improv In this video, Francesca from Patchworkvictim and quilters in the room or online ask me some questions: How did I start quilting?How to continue?How did we make Quilt Improv Studio? Did I ever use patterns \/ glue \/ paper piecing?How do I share the messages carried by quilts?How my color samples are&hellip;<\/p>","protected":false},"author":2,"featured_media":0,"parent":0,"menu_order":0,"comment_status":"closed","ping_status":"closed","template":"","meta":{"footnotes":""},"class_list":["post-535","page","type-page","status-publish","hentry","empty-entry-meta"],"_links":{"self":[{"href":"https:\/\/paola.gallery\/it\/wp-json\/wp\/v2\/pages\/535","targetHints":{"allow":["GET"]}}],"collection":[{"href":"https:\/\/paola.gallery\/it\/wp-json\/wp\/v2\/pages"}],"about":[{"href":"https:\/\/paola.gallery\/it\/wp-json\/wp\/v2\/types\/page"}],"author":[{"embeddable":true,"href":"https:\/\/paola.gallery\/it\/wp-json\/wp\/v2\/users\/2"}],"replies":[{"embeddable":true,"href":"https:\/\/paola.gallery\/it\/wp-json\/wp\/v2\/comments?post=535"}],"version-history":[{"count":10,"href":"https:\/\/paola.gallery\/it\/wp-json\/wp\/v2\/pages\/535\/revisions"}],"predecessor-version":[{"id":1887,"href":"https:\/\/paola.gallery\/it\/wp-json\/wp\/v2\/pages\/535\/revisions\/1887"}],"wp:attachment":[{"href":"https:\/\/paola.gallery\/it\/wp-json\/wp\/v2\/media?parent=535"}],"curies":[{"name":"wp","href":"https:\/\/api.w.org\/{rel}","templated":true}]}}